{"id":98,"date":"2022-02-28T19:38:48","date_gmt":"2022-02-28T19:38:48","guid":{"rendered":"https:\/\/komteendokterbijdedokter.nl\/?page_id=98"},"modified":"2025-03-03T13:55:17","modified_gmt":"2025-03-03T13:55:17","slug":"medici-wanneer-je-als-arts-zelf-patient-wordt","status":"publish","type":"page","link":"https:\/\/komteendokterbijdedokter.nl\/index.php\/medici-wanneer-je-als-arts-zelf-patient-wordt\/","title":{"rendered":"Wat gebeurt er wanneer je als arts zelf pati\u00ebnt wordt?"},"content":{"rendered":"\n<div class=\"wp-block-columns alignfull is-layout-flex wp-container-core-columns-is-layout-28f84493 wp-block-columns-is-layout-flex\">\n<div class=\"wp-block-column is-layout-flow wp-block-column-is-layout-flow\" style=\"flex-basis:50%\">\n<div class=\"wp-block-cover is-light\" style=\"min-height:765px;aspect-ratio:unset;\"><span aria-hidden=\"true\" class=\"wp-block-cover__background has-tertiary-background-color has-background-dim-100 has-background-dim\"><\/span><div class=\"wp-block-cover__inner-container is-layout-flow wp-block-cover-is-layout-flow\">\n<figure class=\"wp-block-image aligncenter size-large\"><img decoding=\"async\" src=\"https:\/\/mysensationalbody.com\/wp-content\/uploads\/2022\/02\/Cover-voorkant-3d-500px-1.png\" alt=\"\"\/><\/figure>\n\n\n\n<div class=\"wp-block-buttons is-content-justification-center is-layout-flex wp-container-core-buttons-is-layout-a89b3969 wp-block-buttons-is-layout-flex\">\n<div class=\"wp-block-button\"><a class=\"wp-block-button__link has-background-color has-text-color has-background wp-element-button\" href=\"https:\/\/www.bol.com\/nl\/nl\/p\/komt-een-dokter-bij-de-dokter\/9300000080305860\/\" style=\"border-radius:21px;background-color:#eb7e31\"><strong>Bestel nu<\/strong><\/a><\/div>\n<\/div>\n<\/div><\/div>\n<\/div>\n\n\n\n<div class=\"wp-block-column is-vertically-aligned-top is-layout-flow wp-block-column-is-layout-flow\" style=\"flex-basis:600px\">\n<ul class=\"wp-block-list\">\n<li><strong>Heb je als arts voldoende aandacht voor de mens achter de pati\u00ebnt?<\/strong><\/li>\n\n\n\n<li><strong>Durf je tegen jouw pati\u00ebnt te zeggen dat je het niet weet en verder gaat zoeken?<\/strong><\/li>\n\n\n\n<li><strong>Ben je je bewust van je eigen vooroordelen en waar die vandaan komen?<\/strong><\/li>\n\n\n\n<li><strong>Sta je zelf wel eens stil bij je eigen levenseinde?<\/strong><\/li>\n<\/ul>\n\n\n\n<p><strong>Voormalig huisarts Jolien Plantinga reflecteert op deze vragen in <em>Komt een dokter bij de dokter<\/em>. Ze vertelt over haar ziekte die maakt dat ze haar vak nooit meer zal kunnen uitoefenen.&nbsp;<\/strong><\/p>\n\n\n\n<p>Door haar grillige en slecht begrepen klachten gaat ze de dokter die ze is geweest met andere ogen bekijken. Ze stelt zichzelf wezenlijke vragen over wat ze in haar professionele leven heeft bijgedragen. Heeft ze de mens aan de andere kant van het bureau wel goed genoeg gezien, gehoord, geholpen?&nbsp;<\/p>\n\n\n\n<p>In rauwe, rake bewoordingen schetst ze de realiteit van (over)leven met een haperend lijf en falend hoofd. Van de kwetsbaarheid die dat oplevert in het contact met familie, vrienden, artsen en (thuis)zorgverleners. Noodgedwongen stelt ze zichzelf ook de ultieme vraag: wanneer is het leven nog voldoende de moeite waard om te leven?<\/p>\n\n\n\n<p>Jolien verenigt het perspectief van dokter en pati\u00ebnt in \u00e9\u00e9n persoon. Op indringende wijze laat ze ons door haar ogen kijken als dokter naar de pati\u00ebnt en als pati\u00ebnt naar de dokter.<\/p>\n\n\n\n<div class=\"wp-block-buttons is-content-justification-center is-layout-flex wp-container-core-buttons-is-layout-a89b3969 wp-block-buttons-is-layout-flex\">\n<div class=\"wp-block-button\"><a class=\"wp-block-button__link has-background-color has-text-color has-background wp-element-button\" href=\"https:\/\/www.bol.com\/nl\/nl\/p\/komt-een-dokter-bij-de-dokter\/9300000080305860\/\" style=\"border-radius:21px;background-color:#eb7e31\"><strong>Bestel nu<\/strong><\/a><\/div>\n<\/div>\n\n\n\n<p class=\"has-text-align-center\"><em>Royalty&#8217;s 100% naar Lyme-onderzoek en voorlichting<\/em><\/p>\n<\/div>\n<\/div>\n\n\n\n<h2 class=\"wp-block-heading\">Uit het boek<\/h2>\n\n\n\n<blockquote class=\"wp-block-quote is-style-default has-small-font-size is-layout-flow wp-block-quote-is-layout-flow\" style=\"font-style:normal;font-weight:500\"><p>&#8220;Dit ziek zijn houdt me een spiegel voor. Wie was ik als dokter? Zei ik vaak genoeg: \u2018Ik weet het niet?\u2019 Durfde ik voldoende te twijfelen aan de medische wetenschap? Zocht ik voldoende buiten de gebaande paden? Luisterde ik zonder oordeel naar de belevingswereld van de ander? In elk geval niet altijd. <\/p><p>Tijdens de reis door mijn geheugen op zoek naar de dokter die ik was, moet ik terugdenken aan een pati\u00ebnte die ik bezocht nadat ze de diagnose Lyme had gekregen. Ze lag op de bank met een arm over haar ogen om ze af te schermen van het licht. De gordijnen waren halfgesloten. Ik herinner me dat ik iets heb gezegd als: \u2018Ik schrik ervan hoe heftig dit voor jou is.\u2019 Of: \u2018Ik schrik ervan hoe heftig jij hierop reageert.\u2019 Ik hoop de eerste zin te hebben uitgesproken, maar ben bang dat het de tweede was. En hoe was mijn toon? Was die mild? Of oordeelde ik over haar? Probeerde ik de voor mijzelf veilige overtuiging vast te houden dat Lyme wel meevalt? Hoe ik ook broed, het antwoord weet ik niet.&#8221;<\/p><\/blockquote>\n\n\n\n<p><\/p>\n\n\n\n<h2 class=\"wp-block-heading\">RIVM over Lyme<\/h2>\n\n\n\n<p class=\"has-background-background-color has-background\"><strong><em>&#8220;23% van neurologische Lyme wordt gemist door Laboratoriumonderzoek.&#8221;  <\/em><\/strong><a rel=\"noreferrer noopener\" href=\"https:\/\/www.rivm.nl\/nieuws\/labtest-alleen-niet-doorslaggevend-bij-diagnose-lyme\" target=\"_blank\">Download het artikel van het RIVM <\/a><\/p>\n\n\n\n<h2 class=\"wp-block-heading\" id=\"aanbevelingen\">Aanbevelingen<\/h2>\n\n\n\n<p><\/p>\n\n\n\n<p><\/p>\n\n\n\n<p>&#8220;Tot mijn grote spijt lees ik weinig boeken, de energie gaat eigenlijk altijd op aan andere dingen en voor ontspanning is het te inspannend. Maar dit boek wilde ik heel graag lezen.<\/p>\n\n\n\n<p>Als arts en als pati\u00ebnt herkende ik veel wat Jolien schrijft. Je hele beeld van ziekte verandert enorm als je (ineens) aan de verkeerde kant van het bureau zit. <strong>Waar je als arts soms de neiging hebt om vooral te zoeken naar een diagnose en bijbehorende oplossingen, zoek je als pati\u00ebnt naar iemand die je hoort en die het leven weer leefbaar voor je maakt<\/strong>. De klachten die Jolien beschrijft zijn verschrikkelijk. Je leeft met haar mee als ze probeert te overleven, ergens tussen wanhoop verdragen, strijd voeren en het leren genieten van kleine dingen. <strong>Vanuit haar nieuwe rol als pati\u00ebnt reflecteert ze eerlijk op haar arts-zijn en op de geneeskunde als geheel.<\/strong> Er is steeds veel onduidelijkheid gebleven rond Lyme, maar het boek laat in duidelijke taal zien wat voor grote gevolgen deze ellendige ziekte heeft.<\/p>\n\n\n\n<p>Ik denk dat dit boek voor pati\u00ebnten met Lyme en soortgelijke ziektes veel (h)erkenning zal geven en ik hoop dat het boek ook veel gezonde zorgverleners zal bereiken. <strong>Je snapt het vaak pas echt als je het zelf meemaakt, maar wat een zegen als je de lessen kunt leren zonder het zelf mee te hoeven maken.<\/strong> <strong>Het is als arts echt niet nodig om alles te weten, maar wees eerlijk, nieuwsgierig en betrokken, dan ben je al een heel eind.<\/strong>&#8220;<\/p>\n\n\n\n<p>\u2013 Marlies van Hemert, Arts niet praktiserend bij Begrepen Klachten<\/p>\n\n\n\n<hr class=\"wp-block-separator has-css-opacity is-style-default\"\/>\n\n\n\n<figure class=\"wp-block-image aligncenter size-thumbnail is-style-rounded\"><img decoding=\"async\" src=\"https:\/\/komteendokterbijdedokter.nl\/wp-content\/uploads\/2023\/01\/Gitte-Boumeester-1-150x150.jpg\" alt=\"\" class=\"wp-image-445\"\/><\/figure>\n\n\n\n<p>&#8220;Dit boek zou verplicht moeten worden voor alle artsen. Het verhaal is een pleidooi voor wat ( extra) empathie, begrip en mogelijk zelfs een zetje om wat meer \u2018mee\u2019 in plaats van \u2018over\u2019 de pati\u00ebnt te denken.<br>Daarnaast is het voor pati\u00ebnten een ( soms pijnlijke soms grappige) herkenning van de hardvochtige reis die velen met chronische, niet direct duidelijk diagnosticeerbare, klachten moeten ondernemen. Als arts (Aios psychiatrie) <strong>met Long Covid klachten realiseerde ik me pas echt tijdens mijn eigen ziekte proces, en de veranderde pati\u00ebnt-arts verhouding, hoe artsen teveel focussen op uitslagen en testen, en te weinig luisteren naar de kennis en kunde van de pati\u00ebnten zelf.<\/strong> Dit wordt door het verhaal van Jolien helder en beeldend verwoord.&#8221;<\/p>\n\n\n\n<p>\u2013 Gitte Boumeester, Arts in opleiding tot psychiater<\/p>\n\n\n\n<p><\/p>\n\n\n\n<hr class=\"wp-block-separator has-css-opacity is-style-default\"\/>\n\n\n\n<figure class=\"wp-block-image aligncenter size-full is-resized is-style-rounded\"><img decoding=\"async\" src=\"https:\/\/komteendokterbijdedokter.nl\/wp-content\/uploads\/2022\/11\/Mijn-project.jpg\" alt=\"\" class=\"wp-image-436\" style=\"width:138px;height:208px\"\/><\/figure>\n\n\n\n<p>&#8220;Wat een aangrijpend , prachtig geschreven boek! Jolien beschrijft hoe ze haar ziekte ervaart, rauw en eerlijk. <strong>Het prikkelt me, zet me aan het denken over hoe ik dokter.&#8221;<\/strong><\/p>\n\n\n\n<p>\u2013 Karin Hoedemaker, huisarts in Whije<\/p>\n\n\n\n<p><\/p>\n\n\n\n<hr class=\"wp-block-separator has-css-opacity is-style-default\"\/>\n\n\n\n<figure class=\"wp-block-image aligncenter size-full is-resized is-style-rounded\"><img decoding=\"async\" src=\"https:\/\/komteendokterbijdedokter.nl\/wp-content\/uploads\/2022\/10\/final.png\" alt=\"\" class=\"wp-image-427\" style=\"width:150px;height:150px\"\/><\/figure>\n\n\n\n<p><\/p>\n\n\n\n<p>&#8220;<em>Eigenlijk had ik me voorgenomen om dit boek rustig aan te lezen, hapje voor hapje. Maar het verhaal van Jolien nam me mee, maakte dat ik steeds verder wilde lezen. Met haar mee levend tijdens de diepe dalen, mee hopend op verbetering, op uitzicht, en misschien nog wel het meest op erkenning. Ze laat onverbloemd zien hoe taai en eenzaam het kan zijn in de zorg, als je lijdt aan een ziekte die niet goed begrepen wordt. Dat een arts tegen je durft te zeggen: \u2018Ik weet weinig van Lyme, maar Lyme kan het niet zijn.\u2019<br>Ik heb grote bewondering voor Jolien haar draagkracht, voor de wijze waarop ze haar lijf en haar hoofd opgevangen heeft, hoe ze daar ontzettend raak over kan vertellen, en hoe ze feilloos blootlegt waar het aan schort in de zorg. Wat mij betreft hoort dit boek op de lijst onmisbare boeken voor dokters en andere zorgwerkers. <\/em><strong><em>Opdat we blijven kijken, blijven luisteren, en blijven bevragen.<\/em>&#8220;<\/strong><\/p>\n\n\n\n<p>\u2013 Marije Weidema, aios interne geneeskunde, langdurig herstellende van hersenschudding.<\/p>\n\n\n\n<p><\/p>\n\n\n\n<hr class=\"wp-block-separator has-css-opacity is-style-default\"\/>\n\n\n\n<div class=\"wp-block-group is-layout-flow wp-block-group-is-layout-flow\">\n<div class=\"wp-block-group is-layout-flow wp-block-group-is-layout-flow\">\n<figure class=\"wp-block-image aligncenter size-full is-style-rounded\"><img decoding=\"async\" src=\"https:\/\/komteendokterbijdedokter.nl\/wp-content\/uploads\/2022\/04\/1587833113611.jpg\" alt=\"\" class=\"wp-image-406\"\/><\/figure>\n\n\n\n<p><em>&#8220;Met \u2018Komt een dokter bij de dokter\u2019 heeft Jolien Plantinga een zeer persoonlijk en krachtig boek geschreven, over de spanning die bestaat tussen systemen, wetenschappelijke inzichten en overtuigingen aan de ene kant en de menselijke maat, oprechte aandacht en ruimte voor het niet-weten aan de andere kant. En in het bijzonder: <strong>het tekort aan dit laatste in de medische sector en de heftige gevolgen daarvan voor de pati\u00ebnt.<\/strong><\/em><\/p>\n\n\n\n<p><em><strong>Het is te hopen dat dit boek aan het denken zet en ontregelt,<\/strong> zodat de medische zorg (in ons land) niet vastloopt in uitroeptekens, maar liefdevol vorm krijgt met (soms) wat meer vraagtekens en ruimte voor minderheidsperspectieven.&#8221;<\/em><\/p>\n\n\n\n<p>\u2014 Frank Weijers,  Deep Democracy instructor, proceskundige, auteur.<\/p>\n\n\n\n<p><\/p>\n\n\n\n<hr class=\"wp-block-separator has-css-opacity is-style-default\"\/>\n<\/div>\n\n\n\n<div class=\"wp-block-group is-layout-flow wp-block-group-is-layout-flow\">\n<figure class=\"wp-block-image aligncenter size-full is-resized is-style-rounded\"><img decoding=\"async\" src=\"https:\/\/komteendokterbijdedokter.nl\/wp-content\/uploads\/2022\/04\/Foto-Edward-verkleind-1-edited.png\" alt=\"\" class=\"wp-image-364\" style=\"width:177px\"\/><\/figure>\n\n\n\n<blockquote class=\"wp-block-quote has-text-align-center is-layout-flow wp-block-quote-is-layout-flow\">\n<p><em>\u201cEr zijn van die boeken<\/em><\/p>\n\n\n\n<p><em>Die Lees je in 1 ruk uit<\/em><\/p>\n\n\n\n<p><em>Dit is (voor mij)<\/em><\/p>\n\n\n\n<p><em>Niet zo&#8217;n boek<\/em><\/p>\n\n\n\n<p><em>Af en toe wegleggen<\/em><\/p>\n\n\n\n<p><em>Intens &#8211; soms bijna 2 Much<\/em><\/p>\n\n\n\n<p><em>Confrontatie &#8211; Herkenning<\/em><\/p>\n\n\n\n<p><em>Als dokter &#8211; Mens<\/em><\/p>\n\n\n\n<p><em>Ik pak t weer &#8211; Lees verder<\/em><\/p>\n\n\n\n<p><em>2B continued &#8211; net als t Leven\u201d<\/em><\/p>\n<cite>\u2014 Edward Knol, huisarts-praktijkhouder Zwolle<\/cite><\/blockquote>\n\n\n\n<hr class=\"wp-block-separator has-css-opacity is-style-default\"\/>\n<\/div>\n\n\n\n<div class=\"wp-block-group is-layout-flow wp-block-group-is-layout-flow\">\n<figure class=\"wp-block-image aligncenter size-thumbnail is-style-rounded\"><img decoding=\"async\" src=\"https:\/\/komteendokterbijdedokter.nl\/wp-content\/uploads\/2022\/03\/WhatsApp-Image-2022-03-22-at-14.45.46-1-150x150.jpeg\" alt=\"\" class=\"wp-image-254\"\/><\/figure>\n\n\n\n<blockquote class=\"wp-block-quote has-text-align-center is-style-default is-layout-flow wp-block-quote-is-layout-flow\">\n<p><em>\u201cEen <strong>indrukwekkend<\/strong> verhaal om te lezen, wat een impact heeft zo\u2019n Lyme-besmetting zeg! Jolien beschrijft heel invoelbaar hoe ze de wanhoop heeft ervaren, het niet gehoord voelen door medisch specialisten die niet gewoon toegeven dat ze het ook niet goed weten. De eenzaamheid daarin is voelbaar en schrijnend. Ik hoop dat het door veel mensen gelezen gaat worden.\u201d<\/em><\/p>\n<cite>\u2014 Jildou van Duijvendijk, huisarts-praktijkhouder Arnhem<\/cite><\/blockquote>\n<\/div>\n<\/div>\n\n\n\n<hr class=\"wp-block-separator has-css-opacity is-style-default\"\/>\n\n\n\n<p><a href=\"https:\/\/komteendokterbijdedokter.nl\/\" data-type=\"page\" data-id=\"10\">Meer <\/a><a href=\"https:\/\/komteendokterbijdedokter.nl\/#aanbevelingen\" data-type=\"page\">aanbevelingen<\/a> <\/p>\n\n\n\n<div class=\"wp-block-group is-layout-flow wp-block-group-is-layout-flow\"><\/div>\n\n\n\n<h2 class=\"wp-block-heading\">Uit het boek<\/h2>\n\n\n\n<blockquote class=\"wp-block-quote is-layout-flow wp-block-quote-is-layout-flow\">\n<p>Ik ga naar mijn werk en neem mee <br>Mijn identiteitsbewijs: Een dokterstas<br>je weet wel, zo&#8217;n bruine leren<br>De hoeken gesleten<br>Een schuifslot erop<br>Boven in<br>Een stethoscoop<br>Reflexhamer<br>Bloeddrukmeter<br>Eronder verstopt<br>Mijn twijfels en onzekerheden<\/p>\n\n\n\n<p>Ik ga naar mijn werk en neem mee<br>Al mijn zintuigen<br>Om te luisteren<br>tussen de regels door<br>Onbewust<br>Van onbewuste vooroordelen,<br>aannames<br>Het grote vertrouwen<br>in wat ik heb geleerd<\/p>\n\n\n\n<p>Ik ga naar mijn werk en neem mee:<br>Mijn verleden<br>Mijn heden<br>En mijn dromen voor de toekomst<\/p>\n\n\n\n<p>Ik ga naar mijn werk en neem mee<br>Mezelf<br>Als dokter<br>Als mens<\/p>\n<\/blockquote>\n\n\n\n<p><\/p>\n","protected":false},"excerpt":{"rendered":"<p>Voormalig huisarts Jolien Plantinga reflecteert op deze vragen in Komt een dokter bij de dokter. Ze vertelt over haar ziekte die maakt dat ze haar vak nooit meer zal kunnen uitoefenen.&nbsp; Door haar grillige en slecht begrepen klachten gaat ze de dokter die ze is geweest met andere ogen bekijken. Ze stelt zichzelf wezenlijke vragen [&hellip;]<\/p>\n","protected":false},"author":3,"featured_media":0,"parent":0,"menu_order":0,"comment_status":"closed","ping_status":"closed","template":"","meta":{"footnotes":""},"class_list":["post-98","page","type-page","status-publish","hentry"],"_links":{"self":[{"href":"https:\/\/komteendokterbijdedokter.nl\/index.php\/wp-json\/wp\/v2\/pages\/98","targetHints":{"allow":["GET"]}}],"collection":[{"href":"https:\/\/komteendokterbijdedokter.nl\/index.php\/wp-json\/wp\/v2\/pages"}],"about":[{"href":"https:\/\/komteendokterbijdedokter.nl\/index.php\/wp-json\/wp\/v2\/types\/page"}],"author":[{"embeddable":true,"href":"https:\/\/komteendokterbijdedokter.nl\/index.php\/wp-json\/wp\/v2\/users\/3"}],"replies":[{"embeddable":true,"href":"https:\/\/komteendokterbijdedokter.nl\/index.php\/wp-json\/wp\/v2\/comments?post=98"}],"version-history":[{"count":1,"href":"https:\/\/komteendokterbijdedokter.nl\/index.php\/wp-json\/wp\/v2\/pages\/98\/revisions"}],"predecessor-version":[{"id":471,"href":"https:\/\/komteendokterbijdedokter.nl\/index.php\/wp-json\/wp\/v2\/pages\/98\/revisions\/471"}],"wp:attachment":[{"href":"https:\/\/komteendokterbijdedokter.nl\/index.php\/wp-json\/wp\/v2\/media?parent=98"}],"curies":[{"name":"wp","href":"https:\/\/api.w.org\/{rel}","templated":true}]}}